{"id":384,"date":"2024-03-07T14:43:56","date_gmt":"2024-03-07T13:43:56","guid":{"rendered":"https:\/\/apartmanteddy.sk\/kontakt\/"},"modified":"2024-03-09T10:47:03","modified_gmt":"2024-03-09T09:47:03","slug":"kontakt","status":"publish","type":"page","link":"https:\/\/apartmanteddy.sk\/de\/kontakt\/","title":{"rendered":"Kontakt"},"content":{"rendered":"[vc_row type=&#8220;full_width_background&#8220; full_screen_row_position=&#8220;middle&#8220; column_margin=&#8220;default&#8220; column_direction=&#8220;default&#8220; column_direction_tablet=&#8220;default&#8220; column_direction_phone=&#8220;default&#8220; bg_image=&#8220;198&#8243; bg_position=&#8220;center center&#8220; background_image_loading=&#8220;default&#8220; bg_repeat=&#8220;no-repeat&#8220; scene_position=&#8220;center&#8220; top_padding=&#8220;18%&#8220; constrain_group_1=&#8220;yes&#8220; bottom_padding=&#8220;18%&#8220; top_padding_phone=&#8220;8vh&#8220; constrain_group_5=&#8220;yes&#8220; bottom_padding_phone=&#8220;8vh&#8220; text_color=&#8220;light&#8220; text_align=&#8220;left&#8220; row_border_radius=&#8220;none&#8220; row_border_radius_applies=&#8220;bg&#8220; overflow=&#8220;visible&#8220; advanced_gradient=&#8220;linear-gradient(0deg, rgba(0,0,0,0.742) 47%, rgba(0,0,0,0.742) 47%)&#8220; shape_divider_position=&#8220;bottom&#8220; bg_image_animation=&#8220;none&#8220; parallax_bg=&#8220;true&#8220; parallax_bg_speed=&#8220;fast&#8220; shape_type=&#8220;curve&#8220; gradient_type=&#8220;advanced&#8220; advanced_gradient_display_type=&#8220;linear&#8220;][vc_column column_padding=&#8220;no-extra-padding&#8220; column_padding_tablet=&#8220;inherit&#8220; column_padding_phone=&#8220;inherit&#8220; column_padding_position=&#8220;all&#8220; column_element_direction_desktop=&#8220;default&#8220; column_element_spacing=&#8220;default&#8220; centered_text=&#8220;true&#8220; desktop_text_alignment=&#8220;default&#8220; tablet_text_alignment=&#8220;default&#8220; phone_text_alignment=&#8220;default&#8220; background_color_opacity=&#8220;1&#8243; background_hover_color_opacity=&#8220;1&#8243; column_backdrop_filter=&#8220;none&#8220; column_shadow=&#8220;none&#8220; column_border_radius=&#8220;none&#8220; column_link_target=&#8220;_self&#8220; column_position=&#8220;default&#8220; gradient_direction=&#8220;left_to_right&#8220; overlay_strength=&#8220;0.3&#8243; width=&#8220;1\/1&#8243; tablet_width_inherit=&#8220;default&#8220; animation_type=&#8220;default&#8220; bg_image_animation=&#8220;none&#8220; border_type=&#8220;simple&#8220; column_border_width=&#8220;none&#8220; column_border_style=&#8220;solid&#8220;][vc_row_inner column_margin=&#8220;none&#8220; column_direction=&#8220;default&#8220; column_direction_tablet=&#8220;default&#8220; column_direction_phone=&#8220;default&#8220; text_align=&#8220;left&#8220; row_position=&#8220;default&#8220; row_position_tablet=&#8220;inherit&#8220; row_position_phone=&#8220;inherit&#8220; overflow=&#8220;visible&#8220; pointer_events=&#8220;all&#8220;][vc_column_inner column_padding=&#8220;no-extra-padding&#8220; column_padding_tablet=&#8220;inherit&#8220; column_padding_phone=&#8220;inherit&#8220; column_padding_position=&#8220;all&#8220; column_element_direction_desktop=&#8220;default&#8220; column_element_spacing=&#8220;default&#8220; desktop_text_alignment=&#8220;default&#8220; tablet_text_alignment=&#8220;default&#8220; phone_text_alignment=&#8220;default&#8220; background_color_opacity=&#8220;1&#8243; background_hover_color_opacity=&#8220;1&#8243; column_backdrop_filter=&#8220;none&#8220; column_shadow=&#8220;none&#8220; column_border_radius=&#8220;none&#8220; column_link_target=&#8220;_self&#8220; overflow=&#8220;visible&#8220; gradient_direction=&#8220;left_to_right&#8220; overlay_strength=&#8220;0.3&#8243; width=&#8220;1\/6&#8243; tablet_width_inherit=&#8220;default&#8220; animation_type=&#8220;default&#8220; enable_animation=&#8220;true&#8220; animation=&#8220;fade-in-from-bottom&#8220; animation_easing=&#8220;default&#8220; bg_image_animation=&#8220;none&#8220; border_type=&#8220;simple&#8220; column_border_width=&#8220;none&#8220; column_border_style=&#8220;solid&#8220;][\/vc_column_inner][vc_column_inner column_padding=&#8220;no-extra-padding&#8220; column_padding_tablet=&#8220;inherit&#8220; column_padding_phone=&#8220;inherit&#8220; column_padding_position=&#8220;all&#8220; column_element_direction_desktop=&#8220;default&#8220; column_element_spacing=&#8220;default&#8220; desktop_text_alignment=&#8220;default&#8220; tablet_text_alignment=&#8220;default&#8220; phone_text_alignment=&#8220;default&#8220; background_color_opacity=&#8220;1&#8243; background_hover_color_opacity=&#8220;1&#8243; column_backdrop_filter=&#8220;none&#8220; column_shadow=&#8220;none&#8220; column_border_radius=&#8220;none&#8220; column_link_target=&#8220;_self&#8220; overflow=&#8220;visible&#8220; gradient_direction=&#8220;left_to_right&#8220; overlay_strength=&#8220;0.3&#8243; width=&#8220;2\/3&#8243; tablet_width_inherit=&#8220;default&#8220; animation_type=&#8220;default&#8220; enable_animation=&#8220;true&#8220; animation=&#8220;fade-in-from-bottom&#8220; animation_easing=&#8220;default&#8220; bg_image_animation=&#8220;none&#8220; border_type=&#8220;simple&#8220; column_border_width=&#8220;none&#8220; column_border_style=&#8220;solid&#8220; column_padding_type=&#8220;default&#8220; gradient_type=&#8220;default&#8220;][split_line_heading animation_type=&#8220;line-reveal-by-space&#8220; font_style=&#8220;h1&#8243; line_reveal_by_space_text_effect=&#8220;default&#8220; content_alignment=&#8220;default&#8220; mobile_content_alignment=&#8220;inherit&#8220; link_target=&#8220;_self&#8220; text_content=&#8220;KONTAKT&#8220; text_direction=&#8220;default&#8220; font_size=&#8220;9vh&#8220;][\/split_line_heading][divider line_type=&#8220;Small Line&#8220; line_alignment=&#8220;center&#8220; line_thickness=&#8220;1&#8243; divider_color=&#8220;white&#8220; custom_line_width=&#8220;200&#8243;][\/vc_column_inner][vc_column_inner column_padding=&#8220;no-extra-padding&#8220; column_padding_tablet=&#8220;inherit&#8220; column_padding_phone=&#8220;inherit&#8220; column_padding_position=&#8220;all&#8220; column_element_direction_desktop=&#8220;default&#8220; column_element_spacing=&#8220;default&#8220; desktop_text_alignment=&#8220;default&#8220; tablet_text_alignment=&#8220;default&#8220; phone_text_alignment=&#8220;default&#8220; background_color_opacity=&#8220;1&#8243; background_hover_color_opacity=&#8220;1&#8243; column_backdrop_filter=&#8220;none&#8220; column_shadow=&#8220;none&#8220; column_border_radius=&#8220;none&#8220; column_link_target=&#8220;_self&#8220; overflow=&#8220;visible&#8220; gradient_direction=&#8220;left_to_right&#8220; overlay_strength=&#8220;0.3&#8243; width=&#8220;1\/6&#8243; tablet_width_inherit=&#8220;default&#8220; animation_type=&#8220;default&#8220; bg_image_animation=&#8220;none&#8220; border_type=&#8220;simple&#8220; column_border_width=&#8220;none&#8220; column_border_style=&#8220;solid&#8220;][\/vc_column_inner][\/vc_row_inner][\/vc_column][\/vc_row][vc_row type=&#8220;full_width_content&#8220; full_screen_row_position=&#8220;middle&#8220; column_margin=&#8220;default&#8220; equal_height=&#8220;yes&#8220; content_placement=&#8220;middle&#8220; column_direction=&#8220;default&#8220; column_direction_tablet=&#8220;default&#8220; column_direction_phone=&#8220;default&#8220; scene_position=&#8220;center&#8220; top_padding=&#8220;3%&#8220; constrain_group_1=&#8220;yes&#8220; bottom_padding=&#8220;3%&#8220; top_padding_phone=&#8220;6vh&#8220; constrain_group_5=&#8220;yes&#8220; bottom_padding_phone=&#8220;6vh&#8220; text_color=&#8220;dark&#8220; text_align=&#8220;left&#8220; row_border_radius=&#8220;none&#8220; row_border_radius_applies=&#8220;bg&#8220; overflow=&#8220;visible&#8220; overlay_strength=&#8220;0.3&#8243; gradient_direction=&#8220;left_to_right&#8220; shape_divider_position=&#8220;bottom&#8220; bg_image_animation=&#8220;none&#8220; gradient_type=&#8220;default&#8220; shape_type=&#8220;&#8220;][vc_column column_padding=&#8220;padding-3-percent&#8220; column_padding_tablet=&#8220;inherit&#8220; column_padding_phone=&#8220;inherit&#8220; column_padding_position=&#8220;all&#8220; column_element_direction_desktop=&#8220;default&#8220; column_element_spacing=&#8220;default&#8220; desktop_text_alignment=&#8220;default&#8220; tablet_text_alignment=&#8220;default&#8220; phone_text_alignment=&#8220;default&#8220; background_color_opacity=&#8220;1&#8243; background_hover_color_opacity=&#8220;1&#8243; column_backdrop_filter=&#8220;none&#8220; column_shadow=&#8220;none&#8220; column_border_radius=&#8220;none&#8220; column_link_target=&#8220;_self&#8220; column_position=&#8220;default&#8220; gradient_direction=&#8220;left_to_right&#8220; overlay_strength=&#8220;0.3&#8243; width=&#8220;1\/2&#8243; tablet_width_inherit=&#8220;default&#8220; animation_type=&#8220;default&#8220; bg_image_animation=&#8220;none&#8220; border_type=&#8220;simple&#8220; column_border_width=&#8220;none&#8220; column_border_style=&#8220;solid&#8220; column_padding_type=&#8220;default&#8220; gradient_type=&#8220;default&#8220;][vc_column_text text_direction=&#8220;default&#8220;]<iframe loading=\"lazy\" style=\"border: 0;\" src=\"https:\/\/www.google.com\/maps\/embed?pb=!1m18!1m12!1m3!1d619.3682482657375!2d18.857692421902534!3d48.86219455326417!2m3!1f0!2f0!3f0!3m2!1i1024!2i768!4f13.1!3m3!1m2!1s0x4714e18423f3872b%3A0x899da1960f3c5643!2sGalanda%20Apartments!5e0!3m2!1ssk!2ssk!4v1709807295148!5m2!1ssk!2ssk\" width=\"100%\" height=\"600\" allowfullscreen=\"allowfullscreen\"><\/iframe>[\/vc_column_text][\/vc_column][vc_column column_padding=&#8220;padding-7-percent&#8220; column_padding_tablet=&#8220;inherit&#8220; column_padding_phone=&#8220;inherit&#8220; column_padding_position=&#8220;all&#8220; column_element_direction_desktop=&#8220;default&#8220; column_element_spacing=&#8220;default&#8220; desktop_text_alignment=&#8220;default&#8220; tablet_text_alignment=&#8220;default&#8220; phone_text_alignment=&#8220;default&#8220; background_color_opacity=&#8220;1&#8243; background_hover_color_opacity=&#8220;1&#8243; column_backdrop_filter=&#8220;none&#8220; column_shadow=&#8220;none&#8220; column_border_radius=&#8220;none&#8220; column_link_target=&#8220;_self&#8220; column_position=&#8220;default&#8220; gradient_direction=&#8220;left_to_right&#8220; overlay_strength=&#8220;0.3&#8243; width=&#8220;1\/2&#8243; tablet_width_inherit=&#8220;default&#8220; animation_type=&#8220;default&#8220; bg_image_animation=&#8220;none&#8220; border_type=&#8220;simple&#8220; column_border_width=&#8220;none&#8220; column_border_style=&#8220;solid&#8220; column_padding_type=&#8220;default&#8220; gradient_type=&#8220;default&#8220;][image_with_animation image_url=&#8220;112&#8243; image_size=&#8220;full&#8220; animation_type=&#8220;entrance&#8220; animation=&#8220;None&#8220; animation_movement_type=&#8220;transform_y&#8220; hover_animation=&#8220;none&#8220; alignment=&#8220;center&#8220; border_radius=&#8220;none&#8220; box_shadow=&#8220;none&#8220; image_loading=&#8220;default&#8220; max_width=&#8220;100%&#8220; max_width_mobile=&#8220;default&#8220;][divider line_type=&#8220;No Line&#8220; custom_height=&#8220;50&#8243;][nectar_cta btn_style=&#8220;underline&#8220; heading_tag=&#8220;p&#8220; button_color=&#8220;default&#8220; text_color=&#8220;#c3960f&#8220; button_border_thickness=&#8220;0px&#8220; link_type=&#8220;regular&#8220; alignment=&#8220;left&#8220; alignment_tablet=&#8220;default&#8220; alignment_phone=&#8220;default&#8220; display=&#8220;block&#8220; display_tablet=&#8220;inherit&#8220; display_phone=&#8220;inherit&#8220; icon_family=&#8220;fontawesome&#8220; font_size_desktop=&#8220;4vh&#8220; link_text=&#8220;+421 915 816 575&#8243; url=&#8220;Tel:+421915816575&#8243; icon_fontawesome=&#8220;fa fa-phone&#8220;][nectar_cta btn_style=&#8220;underline&#8220; heading_tag=&#8220;p&#8220; button_color=&#8220;default&#8220; text_color=&#8220;#c3960f&#8220; button_border_thickness=&#8220;0px&#8220; link_type=&#8220;regular&#8220; alignment=&#8220;left&#8220; alignment_tablet=&#8220;default&#8220; alignment_phone=&#8220;default&#8220; display=&#8220;block&#8220; display_tablet=&#8220;inherit&#8220; display_phone=&#8220;inherit&#8220; icon_family=&#8220;fontawesome&#8220; font_size_desktop=&#8220;4vh&#8220; link_text=&#8220;vrubel@atlas.sk&#8220; url=&#8220;mailto:vrubel@atlas.sk&#8220; icon_fontawesome=&#8220;fa fa-envelope&#8220;][divider line_type=&#8220;No Line&#8220; custom_height=&#8220;50&#8243;][nectar_btn size=&#8220;jumbo&#8220; button_style=&#8220;regular&#8220; button_color_2=&#8220;Accent-Color&#8220; icon_family=&#8220;none&#8220; text=&#8220;Reservierungen&#8220; url=&#8220;\/Reservierungen&#8220;][\/vc_column][\/vc_row]\n","protected":false},"excerpt":{"rendered":"<p>[vc_row type=&#8220;full_width_background&#8220; full_screen_row_position=&#8220;middle&#8220; column_margin=&#8220;default&#8220; column_direction=&#8220;default&#8220; column_direction_tablet=&#8220;default&#8220; column_direction_phone=&#8220;default&#8220; bg_image=&#8220;198&#8243; bg_position=&#8220;center center&#8220; background_image_loading=&#8220;default&#8220; bg_repeat=&#8220;no-repeat&#8220; scene_position=&#8220;center&#8220; top_padding=&#8220;18%&#8220; constrain_group_1=&#8220;yes&#8220; bottom_padding=&#8220;18%&#8220; top_padding_phone=&#8220;8vh&#8220; constrain_group_5=&#8220;yes&#8220; bottom_padding_phone=&#8220;8vh&#8220; text_color=&#8220;light&#8220; text_align=&#8220;left&#8220; row_border_radius=&#8220;none&#8220; row_border_radius_applies=&#8220;bg&#8220; overflow=&#8220;visible&#8220; advanced_gradient=&#8220;linear-gradient(0deg, rgba(0,0,0,0.742) 47%, rgba(0,0,0,0.742) 47%)&#8220; shape_divider_position=&#8220;bottom&#8220;&#8230;<\/p>\n","protected":false},"author":1,"featured_media":0,"parent":0,"menu_order":0,"comment_status":"closed","ping_status":"closed","template":"","meta":{"footnotes":""},"class_list":["post-384","page","type-page","status-publish"],"yoast_head":"<!-- This site is optimized with the Yoast SEO Premium plugin v21.9 (Yoast SEO v22.2) - https:\/\/yoast.com\/wordpress\/plugins\/seo\/ -->\n<title>Kontakt - Apartm\u00e1n Teddy | Tur\u010dianske teplice | Ubytovanie v Tur\u010dianskych Tepliciach<\/title>\n<meta name=\"robots\" content=\"index, follow, max-snippet:-1, max-image-preview:large, max-video-preview:-1\" \/>\n<link rel=\"canonical\" href=\"https:\/\/apartmanteddy.sk\/de\/kontakt\/\" \/>\n<meta property=\"og:locale\" content=\"de_DE\" \/>\n<meta property=\"og:type\" content=\"article\" \/>\n<meta property=\"og:title\" content=\"Kontakt\" \/>\n<meta property=\"og:description\" content=\"[vc_row type=&#8220;full_width_background&#8220; full_screen_row_position=&#8220;middle&#8220; column_margin=&#8220;default&#8220; column_direction=&#8220;default&#8220; column_direction_tablet=&#8220;default&#8220; column_direction_phone=&#8220;default&#8220; bg_image=&#8220;198&#8243; bg_position=&#8220;center center&#8220; background_image_loading=&#8220;default&#8220; bg_repeat=&#8220;no-repeat&#8220; scene_position=&#8220;center&#8220; top_padding=&#8220;18%&#8220; constrain_group_1=&#8220;yes&#8220; bottom_padding=&#8220;18%&#8220; top_padding_phone=&#8220;8vh&#8220; constrain_group_5=&#8220;yes&#8220; bottom_padding_phone=&#8220;8vh&#8220; text_color=&#8220;light&#8220; text_align=&#8220;left&#8220; row_border_radius=&#8220;none&#8220; row_border_radius_applies=&#8220;bg&#8220; overflow=&#8220;visible&#8220; advanced_gradient=&#8220;linear-gradient(0deg, rgba(0,0,0,0.742) 47%, rgba(0,0,0,0.742) 47%)&#8220; shape_divider_position=&#8220;bottom&#8220;...\" \/>\n<meta property=\"og:url\" content=\"https:\/\/apartmanteddy.sk\/de\/kontakt\/\" \/>\n<meta property=\"og:site_name\" content=\"Apartm\u00e1n Teddy | Tur\u010dianske teplice | Ubytovanie v Tur\u010dianskych Tepliciach\" \/>\n<meta property=\"article:modified_time\" content=\"2024-03-09T09:47:03+00:00\" \/>\n<meta name=\"twitter:card\" content=\"summary_large_image\" \/>\n<meta name=\"twitter:label1\" content=\"Gesch\u00e4tzte Lesezeit\" \/>\n\t<meta name=\"twitter:data1\" content=\"5\u00a0Minuten\" \/>\n<script type=\"application\/ld+json\" class=\"yoast-schema-graph\">{\"@context\":\"https:\/\/schema.org\",\"@graph\":[{\"@type\":\"WebPage\",\"@id\":\"https:\/\/apartmanteddy.sk\/de\/kontakt\/\",\"url\":\"https:\/\/apartmanteddy.sk\/de\/kontakt\/\",\"name\":\"Kontakt - Apartm\u00e1n Teddy | Tur\u010dianske teplice | Ubytovanie v Tur\u010dianskych Tepliciach\",\"isPartOf\":{\"@id\":\"https:\/\/apartmanteddy.sk\/de\/#website\"},\"datePublished\":\"2024-03-07T13:43:56+00:00\",\"dateModified\":\"2024-03-09T09:47:03+00:00\",\"breadcrumb\":{\"@id\":\"https:\/\/apartmanteddy.sk\/de\/kontakt\/#breadcrumb\"},\"inLanguage\":\"de\",\"potentialAction\":[{\"@type\":\"ReadAction\",\"target\":[\"https:\/\/apartmanteddy.sk\/de\/kontakt\/\"]}]},{\"@type\":\"BreadcrumbList\",\"@id\":\"https:\/\/apartmanteddy.sk\/de\/kontakt\/#breadcrumb\",\"itemListElement\":[{\"@type\":\"ListItem\",\"position\":1,\"name\":\"Domovsk\u00e1 str\u00e1nka\",\"item\":\"https:\/\/apartmanteddy.sk\/de\/startseite\/\"},{\"@type\":\"ListItem\",\"position\":2,\"name\":\"Kontakt\"}]},{\"@type\":\"WebSite\",\"@id\":\"https:\/\/apartmanteddy.sk\/de\/#website\",\"url\":\"https:\/\/apartmanteddy.sk\/de\/\",\"name\":\"Apartm\u00e1n Teddy | Tur\u010dianske teplice | Ubytovanie v Tur\u010dianskych Tepliciach\",\"description\":\"\",\"potentialAction\":[{\"@type\":\"SearchAction\",\"target\":{\"@type\":\"EntryPoint\",\"urlTemplate\":\"https:\/\/apartmanteddy.sk\/de\/?s={search_term_string}\"},\"query-input\":\"required name=search_term_string\"}],\"inLanguage\":\"de\"}]}<\/script>\n<!-- \/ Yoast SEO Premium plugin. -->","yoast_head_json":{"title":"Kontakt - Apartm\u00e1n Teddy | Tur\u010dianske teplice | Ubytovanie v Tur\u010dianskych Tepliciach","robots":{"index":"index","follow":"follow","max-snippet":"max-snippet:-1","max-image-preview":"max-image-preview:large","max-video-preview":"max-video-preview:-1"},"canonical":"https:\/\/apartmanteddy.sk\/de\/kontakt\/","og_locale":"de_DE","og_type":"article","og_title":"Kontakt","og_description":"[vc_row type=&#8220;full_width_background&#8220; full_screen_row_position=&#8220;middle&#8220; column_margin=&#8220;default&#8220; column_direction=&#8220;default&#8220; column_direction_tablet=&#8220;default&#8220; column_direction_phone=&#8220;default&#8220; bg_image=&#8220;198&#8243; bg_position=&#8220;center center&#8220; background_image_loading=&#8220;default&#8220; bg_repeat=&#8220;no-repeat&#8220; scene_position=&#8220;center&#8220; top_padding=&#8220;18%&#8220; constrain_group_1=&#8220;yes&#8220; bottom_padding=&#8220;18%&#8220; top_padding_phone=&#8220;8vh&#8220; constrain_group_5=&#8220;yes&#8220; bottom_padding_phone=&#8220;8vh&#8220; text_color=&#8220;light&#8220; text_align=&#8220;left&#8220; row_border_radius=&#8220;none&#8220; row_border_radius_applies=&#8220;bg&#8220; overflow=&#8220;visible&#8220; advanced_gradient=&#8220;linear-gradient(0deg, rgba(0,0,0,0.742) 47%, rgba(0,0,0,0.742) 47%)&#8220; shape_divider_position=&#8220;bottom&#8220;...","og_url":"https:\/\/apartmanteddy.sk\/de\/kontakt\/","og_site_name":"Apartm\u00e1n Teddy | Tur\u010dianske teplice | Ubytovanie v Tur\u010dianskych Tepliciach","article_modified_time":"2024-03-09T09:47:03+00:00","twitter_card":"summary_large_image","twitter_misc":{"Gesch\u00e4tzte Lesezeit":"5\u00a0Minuten"},"schema":{"@context":"https:\/\/schema.org","@graph":[{"@type":"WebPage","@id":"https:\/\/apartmanteddy.sk\/de\/kontakt\/","url":"https:\/\/apartmanteddy.sk\/de\/kontakt\/","name":"Kontakt - Apartm\u00e1n Teddy | Tur\u010dianske teplice | Ubytovanie v Tur\u010dianskych Tepliciach","isPartOf":{"@id":"https:\/\/apartmanteddy.sk\/de\/#website"},"datePublished":"2024-03-07T13:43:56+00:00","dateModified":"2024-03-09T09:47:03+00:00","breadcrumb":{"@id":"https:\/\/apartmanteddy.sk\/de\/kontakt\/#breadcrumb"},"inLanguage":"de","potentialAction":[{"@type":"ReadAction","target":["https:\/\/apartmanteddy.sk\/de\/kontakt\/"]}]},{"@type":"BreadcrumbList","@id":"https:\/\/apartmanteddy.sk\/de\/kontakt\/#breadcrumb","itemListElement":[{"@type":"ListItem","position":1,"name":"Domovsk\u00e1 str\u00e1nka","item":"https:\/\/apartmanteddy.sk\/de\/startseite\/"},{"@type":"ListItem","position":2,"name":"Kontakt"}]},{"@type":"WebSite","@id":"https:\/\/apartmanteddy.sk\/de\/#website","url":"https:\/\/apartmanteddy.sk\/de\/","name":"Apartm\u00e1n Teddy | Tur\u010dianske teplice | Ubytovanie v Tur\u010dianskych Tepliciach","description":"","potentialAction":[{"@type":"SearchAction","target":{"@type":"EntryPoint","urlTemplate":"https:\/\/apartmanteddy.sk\/de\/?s={search_term_string}"},"query-input":"required name=search_term_string"}],"inLanguage":"de"}]}},"_links":{"self":[{"href":"https:\/\/apartmanteddy.sk\/de\/wp-json\/wp\/v2\/pages\/384","targetHints":{"allow":["GET"]}}],"collection":[{"href":"https:\/\/apartmanteddy.sk\/de\/wp-json\/wp\/v2\/pages"}],"about":[{"href":"https:\/\/apartmanteddy.sk\/de\/wp-json\/wp\/v2\/types\/page"}],"author":[{"embeddable":true,"href":"https:\/\/apartmanteddy.sk\/de\/wp-json\/wp\/v2\/users\/1"}],"replies":[{"embeddable":true,"href":"https:\/\/apartmanteddy.sk\/de\/wp-json\/wp\/v2\/comments?post=384"}],"version-history":[{"count":9,"href":"https:\/\/apartmanteddy.sk\/de\/wp-json\/wp\/v2\/pages\/384\/revisions"}],"predecessor-version":[{"id":448,"href":"https:\/\/apartmanteddy.sk\/de\/wp-json\/wp\/v2\/pages\/384\/revisions\/448"}],"wp:attachment":[{"href":"https:\/\/apartmanteddy.sk\/de\/wp-json\/wp\/v2\/media?parent=384"}],"curies":[{"name":"wp","href":"https:\/\/api.w.org\/{rel}","templated":true}]}}